{"id":395,"date":"2024-01-15T10:32:12","date_gmt":"2024-01-15T10:32:12","guid":{"rendered":"https:\/\/mermaids-training.eu\/privacy-policy\/"},"modified":"2024-04-02T11:05:11","modified_gmt":"2024-04-02T11:05:11","slug":"privacy-policy","status":"publish","type":"page","link":"https:\/\/mermaids-training.eu\/sq\/privacy-policy\/","title":{"rendered":"Politika e privat\u00ebsis\u00eb"},"content":{"rendered":"\t\t<div data-elementor-type=\"wp-page\" data-elementor-id=\"395\" class=\"elementor elementor-395 elementor-3\" data-elementor-post-type=\"page\">\n\t\t\t\t<div class=\"elementor-element elementor-element-0645894 e-con-full e-flex e-con e-parent\" data-id=\"0645894\" data-element_type=\"container\" data-settings=\"{&quot;background_background&quot;:&quot;classic&quot;}\" data-core-v316-plus=\"true\">\n\t\t<div class=\"elementor-element elementor-element-cf7e342 e-flex e-con-boxed e-con e-child\" data-id=\"cf7e342\" data-element_type=\"container\">\n\t\t\t\t\t<div class=\"e-con-inner\">\n\t\t\t\t<div class=\"elementor-element elementor-element-bfe0a05 elementor-widget elementor-widget-heading\" data-id=\"bfe0a05\" data-element_type=\"widget\" data-widget_type=\"heading.default\">\n\t\t\t\t<div class=\"elementor-widget-container\">\n\t\t\t<style>\/*! elementor - v3.20.0 - 26-03-2024 *\/\n.elementor-heading-title{padding:0;margin:0;line-height:1}.elementor-widget-heading .elementor-heading-title[class*=elementor-size-]>a{color:inherit;font-size:inherit;line-height:inherit}.elementor-widget-heading .elementor-heading-title.elementor-size-small{font-size:15px}.elementor-widget-heading .elementor-heading-title.elementor-size-medium{font-size:19px}.elementor-widget-heading .elementor-heading-title.elementor-size-large{font-size:29px}.elementor-widget-heading .elementor-heading-title.elementor-size-xl{font-size:39px}.elementor-widget-heading .elementor-heading-title.elementor-size-xxl{font-size:59px}<\/style><h1 class=\"elementor-heading-title elementor-size-default\">Politika e privat\u00ebsis\u00eb\n<\/h1>\t\t<\/div>\n\t\t\t\t<\/div>\n\t\t\t\t\t<\/div>\n\t\t\t\t<\/div>\n\t\t\t\t<\/div>\n\t\t<div class=\"elementor-element elementor-element-7d48ee4 e-con-full e-flex e-con e-parent\" data-id=\"7d48ee4\" data-element_type=\"container\" data-core-v316-plus=\"true\">\n\t\t<div class=\"elementor-element elementor-element-525249c e-flex e-con-boxed e-con e-child\" data-id=\"525249c\" data-element_type=\"container\">\n\t\t\t\t\t<div class=\"e-con-inner\">\n\t\t\t\t<div class=\"elementor-element elementor-element-c607649 elementor-widget elementor-widget-text-editor\" data-id=\"c607649\" data-element_type=\"widget\" data-widget_type=\"text-editor.default\">\n\t\t\t\t<div class=\"elementor-widget-container\">\n\t\t\t<style>\/*! elementor - v3.20.0 - 26-03-2024 *\/\n.elementor-widget-text-editor.elementor-drop-cap-view-stacked .elementor-drop-cap{background-color:#69727d;color:#fff}.elementor-widget-text-editor.elementor-drop-cap-view-framed .elementor-drop-cap{color:#69727d;border:3px solid;background-color:transparent}.elementor-widget-text-editor:not(.elementor-drop-cap-view-default) .elementor-drop-cap{margin-top:8px}.elementor-widget-text-editor:not(.elementor-drop-cap-view-default) .elementor-drop-cap-letter{width:1em;height:1em}.elementor-widget-text-editor .elementor-drop-cap{float:left;text-align:center;line-height:1;font-size:50px}.elementor-widget-text-editor .elementor-drop-cap-letter{display:inline-block}<\/style>\t\t\t\t<p>Informacioni i ofruar vullnetarisht nga p\u00ebrdoruesit e faqes s\u00eb internetit t\u00eb Platform\u00ebs s\u00eb Trajnimit Mermaids p\u00ebrdoret p\u00ebr t\u00eb mund\u00ebsuar komunikim t\u00eb drejtp\u00ebrdrejt\u00eb dhe kuptimplot\u00eb midis p\u00ebrdoruesve dhe platform\u00ebs. K\u00ebto t\u00eb dh\u00ebna p\u00ebrdoren gjithashtu p\u00ebr t\u00eb dh\u00ebn\u00eb p\u00ebrgjigje p\u00ebr pyetjet specifike t\u00eb p\u00ebrdoruesve dhe p\u00ebr t\u00eb leht\u00ebsuar ekzekutimin e porosive. Informacioni i mbledhur nga Platforma e Trajnimit Mermaids p\u00ebrdoret p\u00ebr t\u00eb matur trafikun e faqes n\u00eb internet, p\u00ebr t\u00eb kuptuar preferencat e klient\u00ebve p\u00ebr produkte shtes\u00eb dhe p\u00ebr t\u00eb p\u00ebrmir\u00ebsuar nd\u00ebrveprimet me platform\u00ebn. Platforma nuk ndan adresat e emailit t\u00eb p\u00ebrdoruesve ose ndonj\u00eb informacion tjet\u00ebr t\u00eb lidhur me p\u00ebrdoruesit me organizata t\u00eb jashtme ose partner\u00eb q\u00eb nuk jan\u00eb t\u00eb lidhur me Platform\u00ebn e Trajnimit Mermaids.<\/p><p><strong>Mbledhja e informacionit:<\/strong><\/p><p><span style=\"font-weight: 400;\">Platforma e Trajnimit t\u00eb Mermaids ka strukturuar faqen e saj t\u00eb internetit p\u00ebr t&#8217;i lejuar p\u00ebrdoruesit t\u00eb vizitojn\u00eb pa zbuluar identitetin e tyre, p\u00ebrve\u00e7 n\u00ebse ata vendosin ta b\u00ebjn\u00eb k\u00ebt\u00eb. P\u00ebrdoruesve u k\u00ebrkohet t\u00eb japin t\u00eb dh\u00ebna personale vet\u00ebm kur b\u00ebjn\u00eb nj\u00eb porosi, kur regjistrohen n\u00eb faqen e internetit ose kur kontaktojn\u00eb Platform\u00ebn e Trajnimit t\u00eb Mermaids p\u00ebrmes emailit.<\/span><\/p><p><b>P\u00ebrdorimi i informacionit:<\/b><\/p><p><span style=\"font-weight: 400;\">Platforma mbledh dy lloje kryesore t\u00eb informacionit t\u00eb p\u00ebrdoruesit: (1) informacionin e dh\u00ebn\u00eb gjat\u00eb regjistrimit t\u00eb klientit dhe (2) informacionin e dh\u00ebn\u00eb p\u00ebr t\u00eb p\u00ebrmbushur porosit\u00eb. Kur plot\u00ebsoni nj\u00eb formular porosie, p\u00ebrdoruesve mund t&#8217;u k\u00ebrkohet t\u00eb japin emrin e tyre t\u00eb plot\u00eb, adres\u00ebn, kodin postar, adres\u00ebn e emailit, numrin e telefonit, detajet e kart\u00ebs s\u00eb kreditit dhe m\u00ebnyr\u00ebn e pages\u00ebs. Informacioni p\u00ebrdoret p\u00ebr d\u00ebrgimin e porosive, identifikimin e klientit, komunikimin n\u00eb lidhje me produktet e reja dhe ofertat speciale dhe shp\u00ebrndarjen e \u00e7mimeve pas nj\u00eb shorti konkursi.<\/span><\/p><p><b>Korrigjimi, ndryshimi ose fshirja e informacionit:<\/b><\/p><p><span style=\"font-weight: 400;\">Platforma e Trajnimit t\u00eb Mermaids i lejon p\u00ebrdoruesit t\u00eb korrigjojn\u00eb, ndryshojn\u00eb, plot\u00ebsojn\u00eb ose fshijn\u00eb t\u00eb dh\u00ebnat e tyre t\u00eb paraqitura. Platforma do t\u00eb veproj\u00eb menj\u00ebher\u00eb p\u00ebr t\u00eb fshir\u00eb informacionin sipas k\u00ebrkes\u00ebs s\u00eb p\u00ebrdoruesit, duke i dh\u00ebn\u00eb p\u00ebrpar\u00ebsi siguris\u00eb dhe mbrojtjes s\u00eb t\u00eb dh\u00ebnave t\u00eb p\u00ebrdoruesit. P\u00ebrdoruesit mund t\u00eb qas\u00ebn, modifikojn\u00eb ose fshijn\u00eb t\u00eb dh\u00ebnat personale duke kontaktuar Platform\u00ebn e Trajnimit t\u00eb Mermaids n\u00ebp\u00ebrmjet www.mermaidstraining.com ose p\u00ebrmes faqes s\u00eb regjistrimit.<\/span><\/p><p><b>Ndryshimet periodike:<\/b><\/p><p><span style=\"font-weight: 400;\">Platforma e Trajnimit Mermaids p\u00ebrmir\u00ebson vazhdimisht uebsajtin, produktet dhe sh\u00ebrbimet e saj, duke \u00e7uar n\u00eb p\u00ebrdit\u00ebsime periodike t\u00eb politik\u00ebs s\u00eb saj t\u00eb privat\u00ebsis\u00eb. P\u00ebrdoruesit inkurajohen t\u00eb rishikojn\u00eb rregullisht politik\u00ebn e privat\u00ebsis\u00eb p\u00ebr \u00e7do ndryshim. Platforma mund t\u00eb ndryshoj\u00eb politik\u00ebn pa njoftim paraprak.<\/span><\/p><p><b>Pranimi i Procedurave t\u00eb Mbrojtjes s\u00eb Privat\u00ebsis\u00eb:<\/b><\/p><p><span style=\"font-weight: 400;\">Duke p\u00ebrdorur faqen e internetit t\u00eb Platform\u00ebs s\u00eb Trajnimit Mermaids, p\u00ebrdoruesit pranojn\u00eb dhe pajtohen me Deklarimin e Privat\u00ebsis\u00eb dhe termat dhe kushtet e shpallura.<\/span><\/p><p><b>Politika e Cookies:<\/b><\/p><p><span style=\"font-weight: 400;\">Faqja e internetit p\u00ebrdor cookies p\u00ebr t\u00eb p\u00ebrmir\u00ebsuar p\u00ebrvoj\u00ebn e p\u00ebrdoruesit dhe p\u00ebr t\u00eb mbledhur statistika mbi sjelljen e vizitor\u00ebve. Cookies jan\u00eb skedar\u00eb t\u00eb vegj\u00ebl teksti t\u00eb ruajtur n\u00eb pajisje p\u00ebr identifikim unik ose p\u00ebr t\u00eb ruajtur informacione dhe cil\u00ebsime n\u00eb shfletues. P\u00ebrdoruesit mund t\u00eb \u00e7aktivizojn\u00eb cookies, por disa funksione mund t\u00eb preken. Platforma p\u00ebrdor lloje t\u00eb ndryshme t\u00eb cookie-ve, duke p\u00ebrfshir\u00eb rrept\u00ebsisht t\u00eb nevojshme, funksionale, t\u00eb detajuara, t\u00eb synuara, parandalimin e mashtrimit, gjurmimin dhe cookies p\u00ebr matjen e performanc\u00ebs s\u00eb faqes. <\/span><span style=\"font-weight: 400;\"><br \/><\/span><span style=\"font-weight: 400;\">Lidhjet me faqet e internetit t\u00eb pal\u00ebve t\u00eb treta n\u00eb Platform\u00ebn e Trajnimit Mermaids mund t\u00eb ken\u00eb skedar\u00ebt e tyre t\u00eb personalizimit dhe politikat e privat\u00ebsis\u00eb. P\u00ebrdoruesit k\u00ebshillohen t&#8217;i rishikojn\u00eb k\u00ebto politika p\u00ebrpara se t\u00eb p\u00ebrdorin faqet e internetit t\u00eb pal\u00ebve t\u00eb treta t\u00eb lidhura.<\/span><\/p><p>Links to third-party websites on The Mermaids Training Platform may have their own cookies and privacy policies. Users are advised to review these policies before using linked third-party websites.<\/p><p><b>Rishikimi i cil\u00ebsimeve t\u00eb cookie-ve n\u00eb shfletuesin:<\/b><\/p><p><span style=\"font-weight: 400;\">P\u00ebrdoruesit mund t\u00eb menaxhojn\u00eb cil\u00ebsimet e cookie-ve p\u00ebrmes shfletuesve t\u00eb tyre t\u00eb internetit. Udh\u00ebzimet p\u00ebr menaxhimin e cookies ofrohen nga shfletuesit kryesor\u00eb, si Internet Explorer, Firefox, Google Chrome dhe Safari. P\u00ebrdoruesit inkurajohen t&#8217;i referohen literatur\u00ebs zyrtare t\u00eb prodhuesit p\u00ebr informacionin m\u00eb t\u00eb fundit mbi menaxhimin e skedar\u00ebve t\u00eb skedar\u00ebve. <\/span><span style=\"font-weight: 400;\"><br \/><\/span><span style=\"font-weight: 400;\">P\u00ebrdorimi i vazhduesh\u00ebm i faqes n\u00eb internet n\u00ebnkupton p\u00eblqimin p\u00ebr p\u00ebrdorimin e cookies.<\/span><\/p>\t\t\t\t\t\t<\/div>\n\t\t\t\t<\/div>\n\t\t\t\t\t<\/div>\n\t\t\t\t<\/div>\n\t\t\t\t<\/div>\n\t\t\t\t<\/div>\n\t\t","protected":false},"excerpt":{"rendered":"<p>Politika e privat\u00ebsis\u00eb Informacioni i ofruar vullnetarisht nga p\u00ebrdoruesit e faqes s\u00eb internetit t\u00eb Platform\u00ebs s\u00eb Trajnimit Mermaids p\u00ebrdoret p\u00ebr t\u00eb mund\u00ebsuar komunikim t\u00eb drejtp\u00ebrdrejt\u00eb dhe kuptimplot\u00eb midis p\u00ebrdoruesve dhe platform\u00ebs. K\u00ebto t\u00eb dh\u00ebna p\u00ebrdoren gjithashtu p\u00ebr t\u00eb dh\u00ebn\u00eb p\u00ebrgjigje p\u00ebr pyetjet specifike t\u00eb p\u00ebrdoruesve dhe p\u00ebr t\u00eb leht\u00ebsuar ekzekutimin e porosive. Informacioni i mbledhur [&hellip;]<\/p>\n","protected":false},"author":1,"featured_media":0,"parent":0,"menu_order":0,"comment_status":"closed","ping_status":"open","template":"","meta":{"footnotes":""},"class_list":["post-395","page","type-page","status-publish","hentry"],"_links":{"self":[{"href":"https:\/\/mermaids-training.eu\/sq\/wp-json\/wp\/v2\/pages\/395","targetHints":{"allow":["GET"]}}],"collection":[{"href":"https:\/\/mermaids-training.eu\/sq\/wp-json\/wp\/v2\/pages"}],"about":[{"href":"https:\/\/mermaids-training.eu\/sq\/wp-json\/wp\/v2\/types\/page"}],"author":[{"embeddable":true,"href":"https:\/\/mermaids-training.eu\/sq\/wp-json\/wp\/v2\/users\/1"}],"replies":[{"embeddable":true,"href":"https:\/\/mermaids-training.eu\/sq\/wp-json\/wp\/v2\/comments?post=395"}],"version-history":[{"count":7,"href":"https:\/\/mermaids-training.eu\/sq\/wp-json\/wp\/v2\/pages\/395\/revisions"}],"predecessor-version":[{"id":422,"href":"https:\/\/mermaids-training.eu\/sq\/wp-json\/wp\/v2\/pages\/395\/revisions\/422"}],"wp:attachment":[{"href":"https:\/\/mermaids-training.eu\/sq\/wp-json\/wp\/v2\/media?parent=395"}],"curies":[{"name":"wp","href":"https:\/\/api.w.org\/{rel}","templated":true}]}}