{"id":347,"date":"2024-01-16T08:06:50","date_gmt":"2024-01-16T08:06:50","guid":{"rendered":"https:\/\/mermaids-training.eu\/home\/"},"modified":"2024-04-25T13:27:00","modified_gmt":"2024-04-25T13:27:00","slug":"home","status":"publish","type":"page","link":"https:\/\/mermaids-training.eu\/sq\/","title":{"rendered":"Ballina"},"content":{"rendered":"\t\t<div data-elementor-type=\"wp-page\" data-elementor-id=\"347\" class=\"elementor elementor-347 elementor-16\" data-elementor-post-type=\"page\">\n\t\t\t\t<div class=\"elementor-element elementor-element-9997590 e-con-full e-flex e-con e-parent\" data-id=\"9997590\" data-element_type=\"container\" data-settings=\"{&quot;background_background&quot;:&quot;classic&quot;,&quot;shape_divider_bottom&quot;:&quot;opacity-tilt&quot;}\" data-core-v316-plus=\"true\">\n\t\t\t\t<div class=\"elementor-shape elementor-shape-bottom\" data-negative=\"false\">\n\t\t\t<svg xmlns=\"http:\/\/www.w3.org\/2000\/svg\" viewBox=\"0 0 2600 131.1\" preserveAspectRatio=\"none\">\n\t<path class=\"elementor-shape-fill\" d=\"M0 0L2600 0 2600 69.1 0 0z\"\/>\n\t<path class=\"elementor-shape-fill\" style=\"opacity:0.5\" d=\"M0 0L2600 0 2600 69.1 0 69.1z\"\/>\n\t<path class=\"elementor-shape-fill\" style=\"opacity:0.25\" d=\"M2600 0L0 0 0 130.1 2600 69.1z\"\/>\n<\/svg>\t\t<\/div>\n\t\t<div class=\"elementor-element elementor-element-17fe51e e-flex e-con-boxed e-con e-child\" data-id=\"17fe51e\" data-element_type=\"container\">\n\t\t\t\t\t<div class=\"e-con-inner\">\n\t\t<div class=\"elementor-element elementor-element-2825133 e-flex e-con-boxed e-con e-child\" data-id=\"2825133\" data-element_type=\"container\">\n\t\t\t\t\t<div class=\"e-con-inner\">\n\t\t\t\t<div class=\"elementor-element elementor-element-4e5bb79 elementor-widget elementor-widget-image\" data-id=\"4e5bb79\" data-element_type=\"widget\" data-widget_type=\"image.default\">\n\t\t\t\t<div class=\"elementor-widget-container\">\n\t\t\t<style>\/*! elementor - v3.20.0 - 26-03-2024 *\/\n.elementor-widget-image{text-align:center}.elementor-widget-image a{display:inline-block}.elementor-widget-image a img[src$=\".svg\"]{width:48px}.elementor-widget-image img{vertical-align:middle;display:inline-block}<\/style>\t\t\t\t\t\t\t\t\t\t<img fetchpriority=\"high\" decoding=\"async\" width=\"522\" height=\"478\" src=\"https:\/\/mermaids-training.eu\/wp-content\/uploads\/2024\/04\/1.png\" class=\"attachment-full size-full wp-image-568\" alt=\"\" srcset=\"https:\/\/mermaids-training.eu\/wp-content\/uploads\/2024\/04\/1.png 522w, https:\/\/mermaids-training.eu\/wp-content\/uploads\/2024\/04\/1-300x275.png 300w\" sizes=\"(max-width: 522px) 100vw, 522px\" \/>\t\t\t\t\t\t\t\t\t\t\t\t\t<\/div>\n\t\t\t\t<\/div>\n\t\t\t\t\t<\/div>\n\t\t\t\t<\/div>\n\t\t<div class=\"elementor-element elementor-element-2914c56 e-flex e-con-boxed e-con e-child\" data-id=\"2914c56\" data-element_type=\"container\">\n\t\t\t\t\t<div class=\"e-con-inner\">\n\t\t\t\t<div class=\"elementor-element elementor-element-c3d1336 elementor-widget elementor-widget-text-editor\" data-id=\"c3d1336\" data-element_type=\"widget\" data-widget_type=\"text-editor.default\">\n\t\t\t\t<div class=\"elementor-widget-container\">\n\t\t\t<style>\/*! elementor - v3.20.0 - 26-03-2024 *\/\n.elementor-widget-text-editor.elementor-drop-cap-view-stacked .elementor-drop-cap{background-color:#69727d;color:#fff}.elementor-widget-text-editor.elementor-drop-cap-view-framed .elementor-drop-cap{color:#69727d;border:3px solid;background-color:transparent}.elementor-widget-text-editor:not(.elementor-drop-cap-view-default) .elementor-drop-cap{margin-top:8px}.elementor-widget-text-editor:not(.elementor-drop-cap-view-default) .elementor-drop-cap-letter{width:1em;height:1em}.elementor-widget-text-editor .elementor-drop-cap{float:left;text-align:center;line-height:1;font-size:50px}.elementor-widget-text-editor .elementor-drop-cap-letter{display:inline-block}<\/style>\t\t\t\tMERMAIDS FOR INCLUSION\t\t\t\t\t\t<\/div>\n\t\t\t\t<\/div>\n\t\t\t\t<div class=\"elementor-element elementor-element-98f48b9 elementor-widget elementor-widget-text-editor\" data-id=\"98f48b9\" data-element_type=\"widget\" data-widget_type=\"text-editor.default\">\n\t\t\t\t<div class=\"elementor-widget-container\">\n\t\t\t\t\t\t\tMir\u00eb se vini n\u00eb platform\u00ebn ton\u00eb t\u00eb trajnimit\t\t\t\t\t\t<\/div>\n\t\t\t\t<\/div>\n\t\t\t\t\t<\/div>\n\t\t\t\t<\/div>\n\t\t\t\t\t<\/div>\n\t\t\t\t<\/div>\n\t\t\t\t<\/div>\n\t\t<div class=\"elementor-element elementor-element-a8e81b5 e-con-full msr-home-wrapper-2 e-flex e-con e-parent\" data-id=\"a8e81b5\" data-element_type=\"container\" data-settings=\"{&quot;background_background&quot;:&quot;classic&quot;}\" data-core-v316-plus=\"true\">\n\t\t<div class=\"elementor-element elementor-element-a38facf e-flex e-con-boxed e-con e-child\" data-id=\"a38facf\" data-element_type=\"container\">\n\t\t\t\t\t<div class=\"e-con-inner\">\n\t\t\t\t<div class=\"elementor-element elementor-element-ea109cb elementor-widget elementor-widget-text-editor\" data-id=\"ea109cb\" data-element_type=\"widget\" data-widget_type=\"text-editor.default\">\n\t\t\t\t<div class=\"elementor-widget-container\">\n\t\t\t\t\t\t\t<p>Projekti Mermaids \u00ebsht\u00eb n\u00eb nj\u00eb mision p\u00ebr t\u00eb prezantuar notin me fins si nj\u00eb sport i ri n\u00eb Bosnje-Hercegovin\u00eb, Kroaci, Kosov\u00eb dhe Greqi. P\u00ebrtej emocioneve t\u00eb sportit, projekti mbart nj\u00eb vizion m\u00eb t\u00eb gjer\u00eb t\u00eb nxitjes s\u00eb nd\u00ebrgjegj\u00ebsimit dhe p\u00ebrfshirjes n\u00eb lidhje me barazin\u00eb gjinore dhe integrimin e pakicave etnike dhe fetare.<\/p><p>Ky projekt p\u00ebrputhet me Planin e Pun\u00ebs t\u00eb BE-s\u00eb p\u00ebr Sportin 2021-2024, i cili n\u00ebnvizon r\u00ebnd\u00ebsin\u00eb e integritetit, vlerave dhe dimensioneve sociale n\u00eb sport. Ai fokusohet n\u00eb m\u00ebnyr\u00eb specifike n\u00eb rritjen e p\u00ebrfaq\u00ebsimit t\u00eb gjinis\u00eb fem\u00ebrore n\u00eb pozitat drejtuese dhe st\u00ebrvitore brenda fush\u00ebs s\u00eb sportit. Nisma synon gjithashtu t\u00eb garantoj\u00eb kushte t\u00eb barabarta dhe mbulim mediatik p\u00ebr atletet femra, n\u00eb p\u00ebrputhje me objektivat kryesore t\u00eb p\u00ebrshkruara n\u00eb agjend\u00ebn sportive t\u00eb BE-s\u00eb p\u00ebr periudh\u00ebn e specifikuar.<\/p>\t\t\t\t\t\t<\/div>\n\t\t\t\t<\/div>\n\t\t\t\t\t<\/div>\n\t\t\t\t<\/div>\n\t\t\t\t<\/div>\n\t\t<div class=\"elementor-element elementor-element-d288fec e-con-full msr-home-wrapper-3 e-flex e-con e-parent\" data-id=\"d288fec\" data-element_type=\"container\" data-settings=\"{&quot;background_background&quot;:&quot;classic&quot;,&quot;shape_divider_top&quot;:&quot;tilt&quot;,&quot;shape_divider_bottom&quot;:&quot;opacity-tilt&quot;}\" data-core-v316-plus=\"true\">\n\t\t\t\t<div class=\"elementor-shape elementor-shape-top\" data-negative=\"false\">\n\t\t\t<svg xmlns=\"http:\/\/www.w3.org\/2000\/svg\" viewBox=\"0 0 1000 100\" preserveAspectRatio=\"none\">\n\t<path class=\"elementor-shape-fill\" d=\"M0,6V0h1000v100L0,6z\"\/>\n<\/svg>\t\t<\/div>\n\t\t\t\t<div class=\"elementor-shape elementor-shape-bottom\" data-negative=\"false\">\n\t\t\t<svg xmlns=\"http:\/\/www.w3.org\/2000\/svg\" viewBox=\"0 0 2600 131.1\" preserveAspectRatio=\"none\">\n\t<path class=\"elementor-shape-fill\" d=\"M0 0L2600 0 2600 69.1 0 0z\"\/>\n\t<path class=\"elementor-shape-fill\" style=\"opacity:0.5\" d=\"M0 0L2600 0 2600 69.1 0 69.1z\"\/>\n\t<path class=\"elementor-shape-fill\" style=\"opacity:0.25\" d=\"M2600 0L0 0 0 130.1 2600 69.1z\"\/>\n<\/svg>\t\t<\/div>\n\t\t<div class=\"elementor-element elementor-element-3c29588 e-flex e-con-boxed e-con e-child\" data-id=\"3c29588\" data-element_type=\"container\">\n\t\t\t\t\t<div class=\"e-con-inner\">\n\t\t\t\t<div class=\"elementor-element elementor-element-89f89a4 elementor-widget elementor-widget-text-editor\" data-id=\"89f89a4\" data-element_type=\"widget\" data-widget_type=\"text-editor.default\">\n\t\t\t\t<div class=\"elementor-widget-container\">\n\t\t\t\t\t\t\t<p>Ndikimi i projektit shtrihet p\u00ebrtej pjes\u00ebmarr\u00ebsve t\u00eb drejtp\u00ebrdrejt\u00eb si trajner\u00ebt, atlet\u00ebt dhe organizatat. Duke vendosur nj\u00eb model p\u00ebr praktikat m\u00eb t\u00eb mira n\u00eb p\u00ebrdorimin e sporteve p\u00ebr integrim social, Mermaids synon t\u00eb ndikoj\u00eb n\u00eb komunitetin e gjer\u00eb dhe pal\u00ebt e interesuara. Finswimming, i karakterizuar nga p\u00ebrdorimi i bifinave ose nj\u00eb monofine q\u00eb i ngjan &#8220;bishtit t\u00eb siren\u00eb&#8221;, jo vet\u00ebm q\u00eb shton nj\u00eb element emocioni, por gjithashtu sh\u00ebrben si nj\u00eb mjet t\u00ebrheq\u00ebs p\u00ebr p\u00ebrhapjen dhe t\u00ebrheqjen e t\u00eb ardhurve t\u00eb ri n\u00eb sport.<\/p><p>N\u00eb thelb, projekti Mermaids parashikon notin me fins m\u00eb shum\u00eb se nj\u00eb sport &#8211; ai \u00ebsht\u00eb nj\u00eb katalizator p\u00ebr ndryshime pozitive shoq\u00ebrore, duke thyer stereotipet dhe duke nxitur p\u00ebrfshirjen n\u00eb Evrop\u00eb.<\/p>\t\t\t\t\t\t<\/div>\n\t\t\t\t<\/div>\n\t\t\t\t\t<\/div>\n\t\t\t\t<\/div>\n\t\t\t\t<\/div>\n\t\t\t\t<\/div>\n\t\t","protected":false},"excerpt":{"rendered":"<p>MERMAIDS FOR INCLUSIONMir\u00eb se vini n\u00eb platform\u00ebn ton\u00eb t\u00eb trajnimit Projekti Mermaids \u00ebsht\u00eb n\u00eb nj\u00eb mision p\u00ebr t\u00eb prezantuar notin me fins si nj\u00eb sport i ri n\u00eb Bosnje-Hercegovin\u00eb, Kroaci, Kosov\u00eb dhe Greqi. P\u00ebrtej emocioneve t\u00eb sportit, projekti mbart nj\u00eb vizion m\u00eb t\u00eb gjer\u00eb t\u00eb nxitjes s\u00eb nd\u00ebrgjegj\u00ebsimit dhe p\u00ebrfshirjes n\u00eb lidhje me barazin\u00eb gjinore [&hellip;]<\/p>\n","protected":false},"author":1,"featured_media":0,"parent":0,"menu_order":0,"comment_status":"closed","ping_status":"closed","template":"","meta":{"footnotes":""},"class_list":["post-347","page","type-page","status-publish","hentry"],"_links":{"self":[{"href":"https:\/\/mermaids-training.eu\/sq\/wp-json\/wp\/v2\/pages\/347","targetHints":{"allow":["GET"]}}],"collection":[{"href":"https:\/\/mermaids-training.eu\/sq\/wp-json\/wp\/v2\/pages"}],"about":[{"href":"https:\/\/mermaids-training.eu\/sq\/wp-json\/wp\/v2\/types\/page"}],"author":[{"embeddable":true,"href":"https:\/\/mermaids-training.eu\/sq\/wp-json\/wp\/v2\/users\/1"}],"replies":[{"embeddable":true,"href":"https:\/\/mermaids-training.eu\/sq\/wp-json\/wp\/v2\/comments?post=347"}],"version-history":[{"count":10,"href":"https:\/\/mermaids-training.eu\/sq\/wp-json\/wp\/v2\/pages\/347\/revisions"}],"predecessor-version":[{"id":589,"href":"https:\/\/mermaids-training.eu\/sq\/wp-json\/wp\/v2\/pages\/347\/revisions\/589"}],"wp:attachment":[{"href":"https:\/\/mermaids-training.eu\/sq\/wp-json\/wp\/v2\/media?parent=347"}],"curies":[{"name":"wp","href":"https:\/\/api.w.org\/{rel}","templated":true}]}}