{"id":396,"date":"2024-01-15T10:32:12","date_gmt":"2024-01-15T10:32:12","guid":{"rendered":"https:\/\/mermaids-training.eu\/privacy-policy\/"},"modified":"2024-04-02T13:00:40","modified_gmt":"2024-04-02T13:00:40","slug":"privacy-policy","status":"publish","type":"page","link":"https:\/\/mermaids-training.eu\/bs\/privacy-policy\/","title":{"rendered":"Politika privatnosti"},"content":{"rendered":"\t\t<div data-elementor-type=\"wp-page\" data-elementor-id=\"396\" class=\"elementor elementor-396 elementor-3\" data-elementor-post-type=\"page\">\n\t\t\t\t<div class=\"elementor-element elementor-element-0645894 e-con-full e-flex e-con e-parent\" data-id=\"0645894\" data-element_type=\"container\" data-settings=\"{&quot;background_background&quot;:&quot;classic&quot;}\" data-core-v316-plus=\"true\">\n\t\t<div class=\"elementor-element elementor-element-cf7e342 e-flex e-con-boxed e-con e-child\" data-id=\"cf7e342\" data-element_type=\"container\">\n\t\t\t\t\t<div class=\"e-con-inner\">\n\t\t\t\t<div class=\"elementor-element elementor-element-bfe0a05 elementor-widget elementor-widget-heading\" data-id=\"bfe0a05\" data-element_type=\"widget\" data-widget_type=\"heading.default\">\n\t\t\t\t<div class=\"elementor-widget-container\">\n\t\t\t<style>\/*! elementor - v3.20.0 - 26-03-2024 *\/\n.elementor-heading-title{padding:0;margin:0;line-height:1}.elementor-widget-heading .elementor-heading-title[class*=elementor-size-]>a{color:inherit;font-size:inherit;line-height:inherit}.elementor-widget-heading .elementor-heading-title.elementor-size-small{font-size:15px}.elementor-widget-heading .elementor-heading-title.elementor-size-medium{font-size:19px}.elementor-widget-heading .elementor-heading-title.elementor-size-large{font-size:29px}.elementor-widget-heading .elementor-heading-title.elementor-size-xl{font-size:39px}.elementor-widget-heading .elementor-heading-title.elementor-size-xxl{font-size:59px}<\/style><h1 class=\"elementor-heading-title elementor-size-default\">Politika privatnosti\n<\/h1>\t\t<\/div>\n\t\t\t\t<\/div>\n\t\t\t\t\t<\/div>\n\t\t\t\t<\/div>\n\t\t\t\t<\/div>\n\t\t<div class=\"elementor-element elementor-element-7d48ee4 e-con-full e-flex e-con e-parent\" data-id=\"7d48ee4\" data-element_type=\"container\" data-core-v316-plus=\"true\">\n\t\t<div class=\"elementor-element elementor-element-525249c e-flex e-con-boxed e-con e-child\" data-id=\"525249c\" data-element_type=\"container\">\n\t\t\t\t\t<div class=\"e-con-inner\">\n\t\t\t\t<div class=\"elementor-element elementor-element-c607649 elementor-widget elementor-widget-text-editor\" data-id=\"c607649\" data-element_type=\"widget\" data-widget_type=\"text-editor.default\">\n\t\t\t\t<div class=\"elementor-widget-container\">\n\t\t\t<style>\/*! elementor - v3.20.0 - 26-03-2024 *\/\n.elementor-widget-text-editor.elementor-drop-cap-view-stacked .elementor-drop-cap{background-color:#69727d;color:#fff}.elementor-widget-text-editor.elementor-drop-cap-view-framed .elementor-drop-cap{color:#69727d;border:3px solid;background-color:transparent}.elementor-widget-text-editor:not(.elementor-drop-cap-view-default) .elementor-drop-cap{margin-top:8px}.elementor-widget-text-editor:not(.elementor-drop-cap-view-default) .elementor-drop-cap-letter{width:1em;height:1em}.elementor-widget-text-editor .elementor-drop-cap{float:left;text-align:center;line-height:1;font-size:50px}.elementor-widget-text-editor .elementor-drop-cap-letter{display:inline-block}<\/style>\t\t\t\t<p><span style=\"font-weight: 400;\">Informacije dobrovoljno pru\u017eene od strane korisnika web stranice Platforme za trening &#8220;Sirene&#8221; koriste se kako bi omogu\u0107ile direktnu i zna\u010dajnu komunikaciju izme\u0111u korisnika i platforme. Ovi podaci se tako\u0111er koriste kako bi se pru\u017eili odgovori na specifi\u010dne upite korisnika i olak\u0161ala provedba naredbi. Informacije prikupljene od strane Platforme za trening &#8220;Sirene&#8221; koriste se za mjerenje prometa na web stranici, razumijevanje preferencija korisnika za dodatnim proizvodima i pojednostavljenje interakcija s platformom. Platforma ne dijeli e-mail adrese korisnika niti bilo koje druge informacije o korisnicima s vanjskim organizacijama ili partnerima koji nisu povezani s Platformom za trening &#8220;Sirene&#8221;.<\/span><\/p><p><b>Prikupljanje informacija:<\/b><\/p><p><span style=\"font-weight: 400;\">Platforma za trening &#8220;Sirene&#8221; strukturirala je svoju web stranicu kako bi korisnicima omogu\u0107ila posjet bez otkrivanja njihovog identiteta, osim ako to ne \u017eele. Korisnici se poti\u010du da pru\u017ee osobne podatke samo prilikom registracije na web stranici ili kontaktiranja Platforme za trening &#8220;Sirene&#8221; putem e-maila.<\/span><\/p><p><b>Kori\u0161tenje informacija:<\/b><\/p><p><span style=\"font-weight: 400;\">Platforma prikuplja dva glavna tipa informacija o korisnicima: (1) informacije pru\u017eene prilikom registracije korisnika i (2) informacije pru\u017eene radi ispunjenja naredbi. Prilikom popunjavanja obrasca, korisnicima \u0107e mo\u017eda biti tra\u017eeno da unesu svoje puno ime, adresu, po\u0161tanski broj, e-mail adresu, telefonski broj, podatke o kreditnoj kartici i na\u010din pla\u0107anja. Informacije se koriste za isporuku narud\u017ebi, identifikaciju korisnika, komunikaciju o novim proizvodima i posebnim ponudama, te distribuciju nagrada nakon izvla\u010denja na takmi\u010denjima.<\/span><\/p><p><b>Ispravljanje, izmjena ili brisanje informacija:<\/b><\/p><p><span style=\"font-weight: 400;\">Platforma za trening &#8220;Sirene&#8221; omogu\u0107uje korisnicima da isprave, izmjene, dopune ili izbri\u0161u svoje podatke. Platforma \u0107e odmah djelovati kako bi izbrisala informacije po zahtjevu korisnika, uz prioritet sigurnosti i za\u0161tite korisni\u010dkih podataka. Korisnici mogu pristupiti, mijenjati ili brisati osobne podatke kontaktiraju\u0107i Platformu za trening &#8220;Sirene&#8221; putem www.mermaidstraining.com ili putem stranice za registraciju.<\/span><\/p><p><b>Periodi\u010dne promjene:<\/b><\/p><p><span style=\"font-weight: 400;\">Platforma za trening &#8220;Sirene&#8221; kontinuirano unapre\u0111uje svoju web stranicu, proizvode i usluge, \u0161to dovodi do periodi\u010dnih a\u017euriranja politike privatnosti. Korisnici su ohrabreni da redovito pregledavaju politiku privatnosti radi eventualnih promjena. Platforma mo\u017ee izmijeniti politiku bez prethodne najave.<\/span><\/p><p><b>Prihva\u0107anje postupaka za\u0161tite privatnosti:<\/b><\/p><p><span style=\"font-weight: 400;\">Kori\u0161tenjem web stranice Platforme za trening &#8220;Sirene&#8221;, korisnici prihva\u0107aju i sla\u017eu se s Izjavom o privatnosti i objavljenim uvjetima i odredbama.<\/span><\/p><p><b>Politika kola\u010di\u0107a:<\/b><\/p><p><span style=\"font-weight: 400;\">Web stranica koristi kola\u010di\u0107e kako bi pobolj\u0161ala korisni\u010dko iskustvo i prikupila statistike o pona\u0161anju posjetitelja. Kola\u010di\u0107i su male tekstualne datoteke pohranjene na ure\u0111ajima radi jedinstvene identifikacije ili pohrane informacija i postavki u pregledniku. Korisnici mogu onemogu\u0107iti kola\u010di\u0107e, ali neke funkcije mogu biti pogo\u0111ene. Platforma koristi razli\u010dite vrste kola\u010di\u0107a, uklju\u010duju\u0107i strogo nu\u017ene, funkcionalne, detaljne i ciljane te one za\u00a0 prevenciju prevare, pra\u0107enje i kola\u010di\u0107e za mjerenje performansi web stranice.<\/span><\/p><p><span style=\"font-weight: 400;\">Poveznice na web stranice tre\u0107ih strana na Platformi za trening &#8220;Sirene&#8221; mogu imati vlastite kola\u010di\u0107e i politike privatnosti. Korisnicima se savjetuje da pregledaju ove politike prije kori\u0161tenja povezanih web stranica tre\u0107ih strana.<\/span><\/p><p><b>Revizija postavki kola\u010di\u0107a u pregledniku:<\/b><\/p><p><span style=\"font-weight: 400;\">Korisnici mogu upravljati postavkama kola\u010di\u0107a putem svojih web preglednika. Upute za upravljanje kola\u010di\u0107ima pru\u017eaju glavni preglednici poput Internet Explorera, Firefox-a, Google Chrome-a i Safarija. Korisnici se poti\u010du da se referiraju na slu\u017ebene upute proizvo\u0111a\u010da za najnovije informacije o upravljanju kola\u010di\u0107ima.<\/span><\/p><p><span style=\"font-weight: 400;\">Nastavak kori\u0161tenja web stranice implicira pristanak na kori\u0161tenje kola\u010di\u0107a.<\/span><\/p>\t\t\t\t\t\t<\/div>\n\t\t\t\t<\/div>\n\t\t\t\t\t<\/div>\n\t\t\t\t<\/div>\n\t\t\t\t<\/div>\n\t\t\t\t<\/div>\n\t\t","protected":false},"excerpt":{"rendered":"<p>Politika privatnosti Informacije dobrovoljno pru\u017eene od strane korisnika web stranice Platforme za trening &#8220;Sirene&#8221; koriste se kako bi omogu\u0107ile direktnu i zna\u010dajnu komunikaciju izme\u0111u korisnika i platforme. Ovi podaci se tako\u0111er koriste kako bi se pru\u017eili odgovori na specifi\u010dne upite korisnika i olak\u0161ala provedba naredbi. Informacije prikupljene od strane Platforme za trening &#8220;Sirene&#8221; koriste se [&hellip;]<\/p>\n","protected":false},"author":1,"featured_media":0,"parent":0,"menu_order":0,"comment_status":"closed","ping_status":"open","template":"","meta":{"footnotes":""},"class_list":["post-396","page","type-page","status-publish","hentry"],"_links":{"self":[{"href":"https:\/\/mermaids-training.eu\/bs\/wp-json\/wp\/v2\/pages\/396","targetHints":{"allow":["GET"]}}],"collection":[{"href":"https:\/\/mermaids-training.eu\/bs\/wp-json\/wp\/v2\/pages"}],"about":[{"href":"https:\/\/mermaids-training.eu\/bs\/wp-json\/wp\/v2\/types\/page"}],"author":[{"embeddable":true,"href":"https:\/\/mermaids-training.eu\/bs\/wp-json\/wp\/v2\/users\/1"}],"replies":[{"embeddable":true,"href":"https:\/\/mermaids-training.eu\/bs\/wp-json\/wp\/v2\/comments?post=396"}],"version-history":[{"count":4,"href":"https:\/\/mermaids-training.eu\/bs\/wp-json\/wp\/v2\/pages\/396\/revisions"}],"predecessor-version":[{"id":462,"href":"https:\/\/mermaids-training.eu\/bs\/wp-json\/wp\/v2\/pages\/396\/revisions\/462"}],"wp:attachment":[{"href":"https:\/\/mermaids-training.eu\/bs\/wp-json\/wp\/v2\/media?parent=396"}],"curies":[{"name":"wp","href":"https:\/\/api.w.org\/{rel}","templated":true}]}}