{"id":348,"date":"2024-01-16T08:06:50","date_gmt":"2024-01-16T08:06:50","guid":{"rendered":"https:\/\/mermaids-training.eu\/home\/"},"modified":"2024-04-25T13:27:05","modified_gmt":"2024-04-25T13:27:05","slug":"home","status":"publish","type":"page","link":"https:\/\/mermaids-training.eu\/bs\/","title":{"rendered":"Naslovna"},"content":{"rendered":"\t\t<div data-elementor-type=\"wp-page\" data-elementor-id=\"348\" class=\"elementor elementor-348 elementor-16\" data-elementor-post-type=\"page\">\n\t\t\t\t<div class=\"elementor-element elementor-element-9997590 e-con-full e-flex e-con e-parent\" data-id=\"9997590\" data-element_type=\"container\" data-settings=\"{&quot;background_background&quot;:&quot;classic&quot;,&quot;shape_divider_bottom&quot;:&quot;opacity-tilt&quot;}\" data-core-v316-plus=\"true\">\n\t\t\t\t<div class=\"elementor-shape elementor-shape-bottom\" data-negative=\"false\">\n\t\t\t<svg xmlns=\"http:\/\/www.w3.org\/2000\/svg\" viewBox=\"0 0 2600 131.1\" preserveAspectRatio=\"none\">\n\t<path class=\"elementor-shape-fill\" d=\"M0 0L2600 0 2600 69.1 0 0z\"\/>\n\t<path class=\"elementor-shape-fill\" style=\"opacity:0.5\" d=\"M0 0L2600 0 2600 69.1 0 69.1z\"\/>\n\t<path class=\"elementor-shape-fill\" style=\"opacity:0.25\" d=\"M2600 0L0 0 0 130.1 2600 69.1z\"\/>\n<\/svg>\t\t<\/div>\n\t\t<div class=\"elementor-element elementor-element-17fe51e e-flex e-con-boxed e-con e-child\" data-id=\"17fe51e\" data-element_type=\"container\">\n\t\t\t\t\t<div class=\"e-con-inner\">\n\t\t<div class=\"elementor-element elementor-element-2825133 e-flex e-con-boxed e-con e-child\" data-id=\"2825133\" data-element_type=\"container\">\n\t\t\t\t\t<div class=\"e-con-inner\">\n\t\t\t\t<div class=\"elementor-element elementor-element-4e5bb79 elementor-widget elementor-widget-image\" data-id=\"4e5bb79\" data-element_type=\"widget\" data-widget_type=\"image.default\">\n\t\t\t\t<div class=\"elementor-widget-container\">\n\t\t\t<style>\/*! elementor - v3.20.0 - 26-03-2024 *\/\n.elementor-widget-image{text-align:center}.elementor-widget-image a{display:inline-block}.elementor-widget-image a img[src$=\".svg\"]{width:48px}.elementor-widget-image img{vertical-align:middle;display:inline-block}<\/style>\t\t\t\t\t\t\t\t\t\t<img fetchpriority=\"high\" decoding=\"async\" width=\"522\" height=\"478\" src=\"https:\/\/mermaids-training.eu\/wp-content\/uploads\/2024\/04\/1.png\" class=\"attachment-full size-full wp-image-569\" alt=\"\" srcset=\"https:\/\/mermaids-training.eu\/wp-content\/uploads\/2024\/04\/1.png 522w, https:\/\/mermaids-training.eu\/wp-content\/uploads\/2024\/04\/1-300x275.png 300w\" sizes=\"(max-width: 522px) 100vw, 522px\" \/>\t\t\t\t\t\t\t\t\t\t\t\t\t<\/div>\n\t\t\t\t<\/div>\n\t\t\t\t\t<\/div>\n\t\t\t\t<\/div>\n\t\t<div class=\"elementor-element elementor-element-2914c56 e-flex e-con-boxed e-con e-child\" data-id=\"2914c56\" data-element_type=\"container\">\n\t\t\t\t\t<div class=\"e-con-inner\">\n\t\t\t\t<div class=\"elementor-element elementor-element-c3d1336 elementor-widget elementor-widget-text-editor\" data-id=\"c3d1336\" data-element_type=\"widget\" data-widget_type=\"text-editor.default\">\n\t\t\t\t<div class=\"elementor-widget-container\">\n\t\t\t<style>\/*! elementor - v3.20.0 - 26-03-2024 *\/\n.elementor-widget-text-editor.elementor-drop-cap-view-stacked .elementor-drop-cap{background-color:#69727d;color:#fff}.elementor-widget-text-editor.elementor-drop-cap-view-framed .elementor-drop-cap{color:#69727d;border:3px solid;background-color:transparent}.elementor-widget-text-editor:not(.elementor-drop-cap-view-default) .elementor-drop-cap{margin-top:8px}.elementor-widget-text-editor:not(.elementor-drop-cap-view-default) .elementor-drop-cap-letter{width:1em;height:1em}.elementor-widget-text-editor .elementor-drop-cap{float:left;text-align:center;line-height:1;font-size:50px}.elementor-widget-text-editor .elementor-drop-cap-letter{display:inline-block}<\/style>\t\t\t\tMERMAIDS FOR INCLUSION\t\t\t\t\t\t<\/div>\n\t\t\t\t<\/div>\n\t\t\t\t<div class=\"elementor-element elementor-element-98f48b9 elementor-widget elementor-widget-text-editor\" data-id=\"98f48b9\" data-element_type=\"widget\" data-widget_type=\"text-editor.default\">\n\t\t\t\t<div class=\"elementor-widget-container\">\n\t\t\t\t\t\t\t<p>Dobro do\u0161li na na\u0161u trening platformu<\/p>\t\t\t\t\t\t<\/div>\n\t\t\t\t<\/div>\n\t\t\t\t\t<\/div>\n\t\t\t\t<\/div>\n\t\t\t\t\t<\/div>\n\t\t\t\t<\/div>\n\t\t\t\t<\/div>\n\t\t<div class=\"elementor-element elementor-element-a8e81b5 e-con-full msr-home-wrapper-2 e-flex e-con e-parent\" data-id=\"a8e81b5\" data-element_type=\"container\" data-settings=\"{&quot;background_background&quot;:&quot;classic&quot;}\" data-core-v316-plus=\"true\">\n\t\t<div class=\"elementor-element elementor-element-a38facf e-flex e-con-boxed e-con e-child\" data-id=\"a38facf\" data-element_type=\"container\">\n\t\t\t\t\t<div class=\"e-con-inner\">\n\t\t\t\t<div class=\"elementor-element elementor-element-ea109cb elementor-widget elementor-widget-text-editor\" data-id=\"ea109cb\" data-element_type=\"widget\" data-widget_type=\"text-editor.default\">\n\t\t\t\t<div class=\"elementor-widget-container\">\n\t\t\t\t\t\t\t<p><span style=\"font-weight: 400;\">Misija projekta \u201cSirene\u201d jeste uvo\u0111enje plivanja sa perajama kao novog sporta u Bosnu i Hercegovinu, Hrvatsku, Kosovo i Gr\u010dku. Osim uzbudljivosti sporta, projekat ima viziju da promovi\u0161e osvje\u0161\u0107enost i inkluzivnost kada su u pitanju rodna ravnopravnost i integracija etni\u010dkih i vjerskih manjina.<\/span><\/p><p><span style=\"font-weight: 400;\">Ovaj projekt je u skladu sa <\/span><i><span style=\"font-weight: 400;\">Radnim planom za sport EU 2021-2024,<\/span><\/i><span style=\"font-weight: 400;\"> koji nagla\u0161ava va\u017enost integriteta, sistema vrijednosti i dru\u0161tvene dimenzije u sportu. Posebno se fokusira na unapre\u0111enje stope zastupljenosti \u017eena na rukovode\u0107im i trenerskim pozicijama u domenu sporta. Inicijativa tako\u0111er te\u017ei osigurati jednake uslove i medijsku pokrivenost za \u017eenske sporta\u0161ice, u skladu s glavnim ciljevima navedenim u sportskoj agendi EU za navedeni period.<\/span><\/p>\t\t\t\t\t\t<\/div>\n\t\t\t\t<\/div>\n\t\t\t\t\t<\/div>\n\t\t\t\t<\/div>\n\t\t\t\t<\/div>\n\t\t<div class=\"elementor-element elementor-element-d288fec e-con-full msr-home-wrapper-3 e-flex e-con e-parent\" data-id=\"d288fec\" data-element_type=\"container\" data-settings=\"{&quot;background_background&quot;:&quot;classic&quot;,&quot;shape_divider_top&quot;:&quot;tilt&quot;,&quot;shape_divider_bottom&quot;:&quot;opacity-tilt&quot;}\" data-core-v316-plus=\"true\">\n\t\t\t\t<div class=\"elementor-shape elementor-shape-top\" data-negative=\"false\">\n\t\t\t<svg xmlns=\"http:\/\/www.w3.org\/2000\/svg\" viewBox=\"0 0 1000 100\" preserveAspectRatio=\"none\">\n\t<path class=\"elementor-shape-fill\" d=\"M0,6V0h1000v100L0,6z\"\/>\n<\/svg>\t\t<\/div>\n\t\t\t\t<div class=\"elementor-shape elementor-shape-bottom\" data-negative=\"false\">\n\t\t\t<svg xmlns=\"http:\/\/www.w3.org\/2000\/svg\" viewBox=\"0 0 2600 131.1\" preserveAspectRatio=\"none\">\n\t<path class=\"elementor-shape-fill\" d=\"M0 0L2600 0 2600 69.1 0 0z\"\/>\n\t<path class=\"elementor-shape-fill\" style=\"opacity:0.5\" d=\"M0 0L2600 0 2600 69.1 0 69.1z\"\/>\n\t<path class=\"elementor-shape-fill\" style=\"opacity:0.25\" d=\"M2600 0L0 0 0 130.1 2600 69.1z\"\/>\n<\/svg>\t\t<\/div>\n\t\t<div class=\"elementor-element elementor-element-3c29588 e-flex e-con-boxed e-con e-child\" data-id=\"3c29588\" data-element_type=\"container\">\n\t\t\t\t\t<div class=\"e-con-inner\">\n\t\t\t\t<div class=\"elementor-element elementor-element-89f89a4 elementor-widget elementor-widget-text-editor\" data-id=\"89f89a4\" data-element_type=\"widget\" data-widget_type=\"text-editor.default\">\n\t\t\t\t<div class=\"elementor-widget-container\">\n\t\t\t\t\t\t\t<p><span style=\"font-weight: 400;\">Uticaj projekta se prote\u017ee \u0161ire od samo direktnih u\u010desnika poput trenera, sportista i organizacija. Postavljanjem modela najboljih praksi u kori\u0161tenju sporta za socijalnu integraciju, projekat &#8220;Sirene&#8221; ima za cilj uticati na \u0161iru zajednicu i zainteresovane strane. Plivanje sa perajama, koje se karakteri\u0161e kori\u0161tenjem peraja ili monoperaje sli\u010dne &#8220;repu sirene&#8221;, ne samo da dodaje element uzbu\u0111enja, ve\u0107 tako\u0111er slu\u017ei kao atraktivan alat za \u0161irenje i privla\u010denje novih u\u010desnika u sport. U su\u0161tini, projekat &#8220;Sirene&#8221; vidi plivanje sa perajama kao ne\u0161to vi\u0161e od sporta &#8211; ono je pokreta\u010d pozitivnih dru\u0161tvenih promjena, razbijanja stereotipa i podsticanja inkluzivnosti u Evropi.<\/span><\/p>\t\t\t\t\t\t<\/div>\n\t\t\t\t<\/div>\n\t\t\t\t\t<\/div>\n\t\t\t\t<\/div>\n\t\t\t\t<\/div>\n\t\t\t\t<\/div>\n\t\t","protected":false},"excerpt":{"rendered":"<p>MERMAIDS FOR INCLUSION Dobro do\u0161li na na\u0161u trening platformu Misija projekta \u201cSirene\u201d jeste uvo\u0111enje plivanja sa perajama kao novog sporta u Bosnu i Hercegovinu, Hrvatsku, Kosovo i Gr\u010dku. Osim uzbudljivosti sporta, projekat ima viziju da promovi\u0161e osvje\u0161\u0107enost i inkluzivnost kada su u pitanju rodna ravnopravnost i integracija etni\u010dkih i vjerskih manjina. Ovaj projekt je u [&hellip;]<\/p>\n","protected":false},"author":1,"featured_media":0,"parent":0,"menu_order":0,"comment_status":"closed","ping_status":"closed","template":"","meta":{"footnotes":""},"class_list":["post-348","page","type-page","status-publish","hentry"],"_links":{"self":[{"href":"https:\/\/mermaids-training.eu\/bs\/wp-json\/wp\/v2\/pages\/348","targetHints":{"allow":["GET"]}}],"collection":[{"href":"https:\/\/mermaids-training.eu\/bs\/wp-json\/wp\/v2\/pages"}],"about":[{"href":"https:\/\/mermaids-training.eu\/bs\/wp-json\/wp\/v2\/types\/page"}],"author":[{"embeddable":true,"href":"https:\/\/mermaids-training.eu\/bs\/wp-json\/wp\/v2\/users\/1"}],"replies":[{"embeddable":true,"href":"https:\/\/mermaids-training.eu\/bs\/wp-json\/wp\/v2\/comments?post=348"}],"version-history":[{"count":10,"href":"https:\/\/mermaids-training.eu\/bs\/wp-json\/wp\/v2\/pages\/348\/revisions"}],"predecessor-version":[{"id":592,"href":"https:\/\/mermaids-training.eu\/bs\/wp-json\/wp\/v2\/pages\/348\/revisions\/592"}],"wp:attachment":[{"href":"https:\/\/mermaids-training.eu\/bs\/wp-json\/wp\/v2\/media?parent=348"}],"curies":[{"name":"wp","href":"https:\/\/api.w.org\/{rel}","templated":true}]}}